{"id":20,"date":"2024-08-15T08:29:45","date_gmt":"2024-08-15T08:29:45","guid":{"rendered":"https:\/\/cabinetdrboanca.ro\/?page_id=20"},"modified":"2024-09-08T17:16:18","modified_gmt":"2024-09-08T17:16:18","slug":"contact","status":"publish","type":"page","link":"https:\/\/cabinetdrboanca.ro\/index.php\/contact\/","title":{"rendered":"Contact"},"content":{"rendered":"\n<div class=\"wp-block-columns is-layout-flex wp-container-core-columns-is-layout-9d6595d7 wp-block-columns-is-layout-flex\">\n<div class=\"wp-block-column is-layout-flow wp-block-column-is-layout-flow\" style=\"flex-basis:33.33%\">\n<p><strong>Adres\u0103<\/strong><\/p>\n\n\n\n<p>Str. Republicii nr. 650<br>S\u00e2npetru, jude\u021bul Bra\u0219ov<\/p>\n\n\n\n<p><strong>Telefon<\/strong><\/p>\n\n\n\n<p>+40 368 435 045<\/p>\n\n\n\n<p>+40 786 788 660<\/p>\n\n\n\n<p><strong>E-mail<\/strong><\/p>\n\n\n\n<p>dr.karina.boanca@gmail.com<\/p>\n<\/div>\n\n\n\n<div class=\"wp-block-column is-layout-flow wp-block-column-is-layout-flow\" style=\"flex-basis:66.66%\">\n<figure class=\"wp-block-image size-large\"><img fetchpriority=\"high\" decoding=\"async\" width=\"1024\" height=\"690\" src=\"https:\/\/cabinetdrboanca.ro\/wp-content\/uploads\/2024\/08\/Imagine_Google-Maps-1024x690.png\" alt=\"\" class=\"wp-image-23\" srcset=\"https:\/\/cabinetdrboanca.ro\/wp-content\/uploads\/2024\/08\/Imagine_Google-Maps-1024x690.png 1024w, https:\/\/cabinetdrboanca.ro\/wp-content\/uploads\/2024\/08\/Imagine_Google-Maps-300x202.png 300w, https:\/\/cabinetdrboanca.ro\/wp-content\/uploads\/2024\/08\/Imagine_Google-Maps-768x518.png 768w, https:\/\/cabinetdrboanca.ro\/wp-content\/uploads\/2024\/08\/Imagine_Google-Maps-600x404.png 600w, https:\/\/cabinetdrboanca.ro\/wp-content\/uploads\/2024\/08\/Imagine_Google-Maps.png 1184w\" sizes=\"(max-width: 1024px) 100vw, 1024px\" \/><\/figure>\n<\/div>\n<\/div>\n\n\n\n<div class=\"wp-block-columns is-layout-flex wp-container-core-columns-is-layout-9d6595d7 wp-block-columns-is-layout-flex\">\n<div class=\"wp-block-column is-layout-flow wp-block-column-is-layout-flow\" style=\"flex-basis:33.33%\">\n<p><strong>Programul de lucru<\/strong><\/p>\n\n\n\n<p>Luni &#8211; 13:00 &#8211; 19:00<\/p>\n\n\n\n<p>Mar\u021bi &#8211; 08:00 &#8211; 14:00<\/p>\n\n\n\n<p>Miercuri &#8211; 13:00 &#8211; 19:00<\/p>\n\n\n\n<p>Joi &#8211; 08:00 &#8211; 14:00<\/p>\n\n\n\n<p>Vineri &#8211; 08:00 &#8211; 14:00<\/p>\n<\/div>\n\n\n\n<div class=\"wp-block-column is-layout-flow wp-block-column-is-layout-flow\" style=\"flex-basis:66.66%\">\n<figure class=\"wp-block-image size-full\"><img decoding=\"async\" width=\"855\" height=\"855\" src=\"https:\/\/cabinetdrboanca.ro\/wp-content\/uploads\/2024\/09\/Imagine_1-1.bmp\" alt=\"\" class=\"wp-image-70\"\/><\/figure>\n<\/div>\n<\/div>\n\n\n\n<div class=\"wp-block-columns is-layout-flex wp-container-core-columns-is-layout-9d6595d7 wp-block-columns-is-layout-flex\">\n<div class=\"wp-block-column is-layout-flow wp-block-column-is-layout-flow\">\n<figure class=\"wp-block-image size-full\"><img decoding=\"async\" width=\"796\" height=\"795\" src=\"https:\/\/cabinetdrboanca.ro\/wp-content\/uploads\/2024\/09\/Cabinet_1-edited-1.png\" alt=\"\" class=\"wp-image-64\" srcset=\"https:\/\/cabinetdrboanca.ro\/wp-content\/uploads\/2024\/09\/Cabinet_1-edited-1.png 796w, https:\/\/cabinetdrboanca.ro\/wp-content\/uploads\/2024\/09\/Cabinet_1-edited-1-300x300.png 300w, https:\/\/cabinetdrboanca.ro\/wp-content\/uploads\/2024\/09\/Cabinet_1-edited-1-150x150.png 150w, https:\/\/cabinetdrboanca.ro\/wp-content\/uploads\/2024\/09\/Cabinet_1-edited-1-768x767.png 768w, https:\/\/cabinetdrboanca.ro\/wp-content\/uploads\/2024\/09\/Cabinet_1-edited-1-100x100.png 100w, https:\/\/cabinetdrboanca.ro\/wp-content\/uploads\/2024\/09\/Cabinet_1-edited-1-600x599.png 600w\" sizes=\"(max-width: 796px) 100vw, 796px\" \/><\/figure>\n<\/div>\n\n\n\n<div class=\"wp-block-column is-layout-flow wp-block-column-is-layout-flow\">\n<figure class=\"wp-block-image size-full\"><img loading=\"lazy\" decoding=\"async\" width=\"855\" height=\"855\" src=\"https:\/\/cabinetdrboanca.ro\/wp-content\/uploads\/2024\/09\/Imagine_11-1.bmp\" alt=\"\" class=\"wp-image-63\"\/><\/figure>\n<\/div>\n<\/div>\n\n\n\n<div class=\"wp-block-columns is-layout-flex wp-container-core-columns-is-layout-9d6595d7 wp-block-columns-is-layout-flex\">\n<div class=\"wp-block-column is-layout-flow wp-block-column-is-layout-flow\">\n<figure class=\"wp-block-image size-full\"><img loading=\"lazy\" decoding=\"async\" width=\"855\" height=\"855\" src=\"https:\/\/cabinetdrboanca.ro\/wp-content\/uploads\/2024\/09\/Imagine_2-2.bmp\" alt=\"\" class=\"wp-image-61\"\/><\/figure>\n<\/div>\n\n\n\n<div class=\"wp-block-column is-layout-flow wp-block-column-is-layout-flow\">\n<figure class=\"wp-block-image size-full\"><img loading=\"lazy\" decoding=\"async\" width=\"855\" height=\"855\" src=\"https:\/\/cabinetdrboanca.ro\/wp-content\/uploads\/2024\/09\/Imagine_4-2.bmp\" alt=\"\" class=\"wp-image-62\"\/><\/figure>\n<\/div>\n<\/div>\n\n\n\n<div class=\"wp-block-columns is-layout-flex wp-container-core-columns-is-layout-9d6595d7 wp-block-columns-is-layout-flex\">\n<div class=\"wp-block-column is-layout-flow wp-block-column-is-layout-flow\">\n<figure class=\"wp-block-image size-full\"><img loading=\"lazy\" decoding=\"async\" width=\"855\" height=\"855\" src=\"https:\/\/cabinetdrboanca.ro\/wp-content\/uploads\/2024\/09\/Imagine_5.bmp\" alt=\"\" class=\"wp-image-65\"\/><\/figure>\n<\/div>\n\n\n\n<div class=\"wp-block-column is-layout-flow wp-block-column-is-layout-flow\">\n<figure class=\"wp-block-image size-full\"><img loading=\"lazy\" decoding=\"async\" width=\"855\" height=\"855\" src=\"https:\/\/cabinetdrboanca.ro\/wp-content\/uploads\/2024\/09\/Imagine_8.bmp\" alt=\"\" class=\"wp-image-66\"\/><\/figure>\n<\/div>\n<\/div>\n","protected":false},"excerpt":{"rendered":"<p>Adres\u0103 Str. Republicii nr. 650S\u00e2npetru, jude\u021bul Bra\u0219ov Telefon +40 368 435 045 +40 786 788 660 E-mail dr.karina.boanca@gmail.com Programul de lucru Luni &#8211; 13:00 &#8211; 19:00 Mar\u021bi &#8211; 08:00 &#8211; 14:00 Miercuri &#8211; 13:00 &#8211; 19:00 Joi &#8211; 08:00 &#8211; 14:00 Vineri &#8211; 08:00 &#8211; 14:00<\/p>\n","protected":false},"author":1,"featured_media":0,"parent":0,"menu_order":0,"comment_status":"closed","ping_status":"closed","template":"","meta":{"footnotes":""},"class_list":["post-20","page","type-page","status-publish","hentry"],"yoast_head":"<!-- This site is optimized with the Yoast SEO plugin v23.2 - https:\/\/yoast.com\/wordpress\/plugins\/seo\/ -->\n<title>Contact - Cabinet Dr. Boanc\u0103<\/title>\n<meta name=\"robots\" content=\"index, follow, max-snippet:-1, max-image-preview:large, max-video-preview:-1\" \/>\n<link rel=\"canonical\" href=\"https:\/\/cabinetdrboanca.ro\/index.php\/contact\/\" \/>\n<meta property=\"og:locale\" content=\"en_US\" \/>\n<meta property=\"og:type\" content=\"article\" \/>\n<meta property=\"og:title\" content=\"Contact - Cabinet Dr. Boanc\u0103\" \/>\n<meta property=\"og:description\" content=\"Adres\u0103 Str. Republicii nr. 650S\u00e2npetru, jude\u021bul Bra\u0219ov Telefon +40 368 435 045 +40 786 788 660 E-mail dr.karina.boanca@gmail.com Programul de lucru Luni &#8211; 13:00 &#8211; 19:00 Mar\u021bi &#8211; 08:00 &#8211; 14:00 Miercuri &#8211; 13:00 &#8211; 19:00 Joi &#8211; 08:00 &#8211; 14:00 Vineri &#8211; 08:00 &#8211; 14:00\" \/>\n<meta property=\"og:url\" content=\"https:\/\/cabinetdrboanca.ro\/index.php\/contact\/\" \/>\n<meta property=\"og:site_name\" content=\"Cabinet Dr. Boanc\u0103\" \/>\n<meta property=\"article:modified_time\" content=\"2024-09-08T17:16:18+00:00\" \/>\n<meta property=\"og:image\" content=\"https:\/\/cabinetdrboanca.ro\/wp-content\/uploads\/2024\/08\/Imagine_Google-Maps-1024x690.png\" \/>\n<meta name=\"twitter:card\" content=\"summary_large_image\" \/>\n<meta name=\"twitter:label1\" content=\"Est. reading time\" \/>\n\t<meta name=\"twitter:data1\" content=\"2 minutes\" \/>\n<script type=\"application\/ld+json\" class=\"yoast-schema-graph\">{\"@context\":\"https:\/\/schema.org\",\"@graph\":[{\"@type\":\"WebPage\",\"@id\":\"https:\/\/cabinetdrboanca.ro\/index.php\/contact\/\",\"url\":\"https:\/\/cabinetdrboanca.ro\/index.php\/contact\/\",\"name\":\"Contact - Cabinet Dr. Boanc\u0103\",\"isPartOf\":{\"@id\":\"https:\/\/cabinetdrboanca.ro\/#website\"},\"primaryImageOfPage\":{\"@id\":\"https:\/\/cabinetdrboanca.ro\/index.php\/contact\/#primaryimage\"},\"image\":{\"@id\":\"https:\/\/cabinetdrboanca.ro\/index.php\/contact\/#primaryimage\"},\"thumbnailUrl\":\"https:\/\/cabinetdrboanca.ro\/wp-content\/uploads\/2024\/08\/Imagine_Google-Maps-1024x690.png\",\"datePublished\":\"2024-08-15T08:29:45+00:00\",\"dateModified\":\"2024-09-08T17:16:18+00:00\",\"breadcrumb\":{\"@id\":\"https:\/\/cabinetdrboanca.ro\/index.php\/contact\/#breadcrumb\"},\"inLanguage\":\"en-US\",\"potentialAction\":[{\"@type\":\"ReadAction\",\"target\":[\"https:\/\/cabinetdrboanca.ro\/index.php\/contact\/\"]}]},{\"@type\":\"ImageObject\",\"inLanguage\":\"en-US\",\"@id\":\"https:\/\/cabinetdrboanca.ro\/index.php\/contact\/#primaryimage\",\"url\":\"https:\/\/cabinetdrboanca.ro\/wp-content\/uploads\/2024\/08\/Imagine_Google-Maps.png\",\"contentUrl\":\"https:\/\/cabinetdrboanca.ro\/wp-content\/uploads\/2024\/08\/Imagine_Google-Maps.png\",\"width\":1184,\"height\":798},{\"@type\":\"BreadcrumbList\",\"@id\":\"https:\/\/cabinetdrboanca.ro\/index.php\/contact\/#breadcrumb\",\"itemListElement\":[{\"@type\":\"ListItem\",\"position\":1,\"name\":\"Home\",\"item\":\"https:\/\/cabinetdrboanca.ro\/\"},{\"@type\":\"ListItem\",\"position\":2,\"name\":\"Contact\"}]},{\"@type\":\"WebSite\",\"@id\":\"https:\/\/cabinetdrboanca.ro\/#website\",\"url\":\"https:\/\/cabinetdrboanca.ro\/\",\"name\":\"Cabinet Dr. Boanc\u0103\",\"description\":\"\",\"potentialAction\":[{\"@type\":\"SearchAction\",\"target\":{\"@type\":\"EntryPoint\",\"urlTemplate\":\"https:\/\/cabinetdrboanca.ro\/?s={search_term_string}\"},\"query-input\":\"required name=search_term_string\"}],\"inLanguage\":\"en-US\"}]}<\/script>\n<!-- \/ Yoast SEO plugin. -->","yoast_head_json":{"title":"Contact - Cabinet Dr. Boanc\u0103","robots":{"index":"index","follow":"follow","max-snippet":"max-snippet:-1","max-image-preview":"max-image-preview:large","max-video-preview":"max-video-preview:-1"},"canonical":"https:\/\/cabinetdrboanca.ro\/index.php\/contact\/","og_locale":"en_US","og_type":"article","og_title":"Contact - Cabinet Dr. Boanc\u0103","og_description":"Adres\u0103 Str. Republicii nr. 650S\u00e2npetru, jude\u021bul Bra\u0219ov Telefon +40 368 435 045 +40 786 788 660 E-mail dr.karina.boanca@gmail.com Programul de lucru Luni &#8211; 13:00 &#8211; 19:00 Mar\u021bi &#8211; 08:00 &#8211; 14:00 Miercuri &#8211; 13:00 &#8211; 19:00 Joi &#8211; 08:00 &#8211; 14:00 Vineri &#8211; 08:00 &#8211; 14:00","og_url":"https:\/\/cabinetdrboanca.ro\/index.php\/contact\/","og_site_name":"Cabinet Dr. Boanc\u0103","article_modified_time":"2024-09-08T17:16:18+00:00","og_image":[{"url":"https:\/\/cabinetdrboanca.ro\/wp-content\/uploads\/2024\/08\/Imagine_Google-Maps-1024x690.png"}],"twitter_card":"summary_large_image","twitter_misc":{"Est. reading time":"2 minutes"},"schema":{"@context":"https:\/\/schema.org","@graph":[{"@type":"WebPage","@id":"https:\/\/cabinetdrboanca.ro\/index.php\/contact\/","url":"https:\/\/cabinetdrboanca.ro\/index.php\/contact\/","name":"Contact - Cabinet Dr. Boanc\u0103","isPartOf":{"@id":"https:\/\/cabinetdrboanca.ro\/#website"},"primaryImageOfPage":{"@id":"https:\/\/cabinetdrboanca.ro\/index.php\/contact\/#primaryimage"},"image":{"@id":"https:\/\/cabinetdrboanca.ro\/index.php\/contact\/#primaryimage"},"thumbnailUrl":"https:\/\/cabinetdrboanca.ro\/wp-content\/uploads\/2024\/08\/Imagine_Google-Maps-1024x690.png","datePublished":"2024-08-15T08:29:45+00:00","dateModified":"2024-09-08T17:16:18+00:00","breadcrumb":{"@id":"https:\/\/cabinetdrboanca.ro\/index.php\/contact\/#breadcrumb"},"inLanguage":"en-US","potentialAction":[{"@type":"ReadAction","target":["https:\/\/cabinetdrboanca.ro\/index.php\/contact\/"]}]},{"@type":"ImageObject","inLanguage":"en-US","@id":"https:\/\/cabinetdrboanca.ro\/index.php\/contact\/#primaryimage","url":"https:\/\/cabinetdrboanca.ro\/wp-content\/uploads\/2024\/08\/Imagine_Google-Maps.png","contentUrl":"https:\/\/cabinetdrboanca.ro\/wp-content\/uploads\/2024\/08\/Imagine_Google-Maps.png","width":1184,"height":798},{"@type":"BreadcrumbList","@id":"https:\/\/cabinetdrboanca.ro\/index.php\/contact\/#breadcrumb","itemListElement":[{"@type":"ListItem","position":1,"name":"Home","item":"https:\/\/cabinetdrboanca.ro\/"},{"@type":"ListItem","position":2,"name":"Contact"}]},{"@type":"WebSite","@id":"https:\/\/cabinetdrboanca.ro\/#website","url":"https:\/\/cabinetdrboanca.ro\/","name":"Cabinet Dr. Boanc\u0103","description":"","potentialAction":[{"@type":"SearchAction","target":{"@type":"EntryPoint","urlTemplate":"https:\/\/cabinetdrboanca.ro\/?s={search_term_string}"},"query-input":"required name=search_term_string"}],"inLanguage":"en-US"}]}},"_links":{"self":[{"href":"https:\/\/cabinetdrboanca.ro\/index.php\/wp-json\/wp\/v2\/pages\/20","targetHints":{"allow":["GET"]}}],"collection":[{"href":"https:\/\/cabinetdrboanca.ro\/index.php\/wp-json\/wp\/v2\/pages"}],"about":[{"href":"https:\/\/cabinetdrboanca.ro\/index.php\/wp-json\/wp\/v2\/types\/page"}],"author":[{"embeddable":true,"href":"https:\/\/cabinetdrboanca.ro\/index.php\/wp-json\/wp\/v2\/users\/1"}],"replies":[{"embeddable":true,"href":"https:\/\/cabinetdrboanca.ro\/index.php\/wp-json\/wp\/v2\/comments?post=20"}],"version-history":[{"count":6,"href":"https:\/\/cabinetdrboanca.ro\/index.php\/wp-json\/wp\/v2\/pages\/20\/revisions"}],"predecessor-version":[{"id":71,"href":"https:\/\/cabinetdrboanca.ro\/index.php\/wp-json\/wp\/v2\/pages\/20\/revisions\/71"}],"wp:attachment":[{"href":"https:\/\/cabinetdrboanca.ro\/index.php\/wp-json\/wp\/v2\/media?parent=20"}],"curies":[{"name":"wp","href":"https:\/\/api.w.org\/{rel}","templated":true}]}}