{"id":30,"date":"2024-08-15T09:03:38","date_gmt":"2024-08-15T09:03:38","guid":{"rendered":"https:\/\/cabinetdrboanca.ro\/?page_id=30"},"modified":"2024-08-15T09:03:39","modified_gmt":"2024-08-15T09:03:39","slug":"servicii-medicale-oferite","status":"publish","type":"page","link":"https:\/\/cabinetdrboanca.ro\/index.php\/servicii-medicale-oferite\/","title":{"rendered":"Servicii medicale oferite"},"content":{"rendered":"\n<div class=\"wp-block-columns is-layout-flex wp-container-core-columns-is-layout-9d6595d7 wp-block-columns-is-layout-flex\">\n<div class=\"wp-block-column is-layout-flow wp-block-column-is-layout-flow\" style=\"flex-basis:66.66%\">\n<ul class=\"wp-block-list\">\n<li>Consulta\u021bii afec\u021biuni acute \/ cronice;<\/li>\n\n\n\n<li>Efectuare EKG;<\/li>\n\n\n\n<li>Monitorizare parametrii vitali: tensiune arterial\u0103, puls, glicemie, pulsoximetrie;<\/li>\n\n\n\n<li>Consulta\u021bii profilactice;<\/li>\n\n\n\n<li>Efectuarea bilan\u021bului st\u0103rii de s\u0103n\u0103tate (adul\u021bi \u0219i copii);<\/li>\n\n\n\n<li>Tratamente injectabile, perfuzabile, pansamente (inclusiv scos fire);<\/li>\n\n\n\n<li>Puericultur\u0103;<\/li>\n\n\n\n<li>Luarea \u00een eviden\u021b\u0103 a gravidei \/ nou-n\u0103scutului, monitorizarea sarcinii;<\/li>\n\n\n\n<li>Vaccin\u0103ri prin programul na\u021bional \/ vaccin\u0103ri op\u021bionale;<\/li>\n\n\n\n<li>Consulta\u021bii la domiciliu cu programare \u00een avans (48h);<\/li>\n\n\n\n<li>Certificate \u0219i adeverin\u021be medicale (ex. certificat prenup\u021bial, adeverin\u021ba pentru angajare, certificat de deces).<\/li>\n<\/ul>\n<\/div>\n\n\n\n<div class=\"wp-block-column is-layout-flow wp-block-column-is-layout-flow\" style=\"flex-basis:33.33%\"><\/div>\n<\/div>\n","protected":false},"excerpt":{"rendered":"","protected":false},"author":1,"featured_media":0,"parent":0,"menu_order":0,"comment_status":"closed","ping_status":"closed","template":"","meta":{"footnotes":""},"class_list":["post-30","page","type-page","status-publish","hentry"],"yoast_head":"<!-- This site is optimized with the Yoast SEO plugin v23.2 - https:\/\/yoast.com\/wordpress\/plugins\/seo\/ -->\n<title>Servicii medicale oferite - Cabinet Dr. Boanc\u0103<\/title>\n<meta name=\"robots\" content=\"index, follow, max-snippet:-1, max-image-preview:large, max-video-preview:-1\" \/>\n<link rel=\"canonical\" href=\"https:\/\/cabinetdrboanca.ro\/index.php\/servicii-medicale-oferite\/\" \/>\n<meta property=\"og:locale\" content=\"en_US\" \/>\n<meta property=\"og:type\" content=\"article\" \/>\n<meta property=\"og:title\" content=\"Servicii medicale oferite - Cabinet Dr. Boanc\u0103\" \/>\n<meta property=\"og:url\" content=\"https:\/\/cabinetdrboanca.ro\/index.php\/servicii-medicale-oferite\/\" \/>\n<meta property=\"og:site_name\" content=\"Cabinet Dr. Boanc\u0103\" \/>\n<meta property=\"article:modified_time\" content=\"2024-08-15T09:03:39+00:00\" \/>\n<meta name=\"twitter:card\" content=\"summary_large_image\" \/>\n<meta name=\"twitter:label1\" content=\"Est. reading time\" \/>\n\t<meta name=\"twitter:data1\" content=\"1 minute\" \/>\n<script type=\"application\/ld+json\" class=\"yoast-schema-graph\">{\"@context\":\"https:\/\/schema.org\",\"@graph\":[{\"@type\":\"WebPage\",\"@id\":\"https:\/\/cabinetdrboanca.ro\/index.php\/servicii-medicale-oferite\/\",\"url\":\"https:\/\/cabinetdrboanca.ro\/index.php\/servicii-medicale-oferite\/\",\"name\":\"Servicii medicale oferite - Cabinet Dr. Boanc\u0103\",\"isPartOf\":{\"@id\":\"https:\/\/cabinetdrboanca.ro\/#website\"},\"datePublished\":\"2024-08-15T09:03:38+00:00\",\"dateModified\":\"2024-08-15T09:03:39+00:00\",\"breadcrumb\":{\"@id\":\"https:\/\/cabinetdrboanca.ro\/index.php\/servicii-medicale-oferite\/#breadcrumb\"},\"inLanguage\":\"en-US\",\"potentialAction\":[{\"@type\":\"ReadAction\",\"target\":[\"https:\/\/cabinetdrboanca.ro\/index.php\/servicii-medicale-oferite\/\"]}]},{\"@type\":\"BreadcrumbList\",\"@id\":\"https:\/\/cabinetdrboanca.ro\/index.php\/servicii-medicale-oferite\/#breadcrumb\",\"itemListElement\":[{\"@type\":\"ListItem\",\"position\":1,\"name\":\"Home\",\"item\":\"https:\/\/cabinetdrboanca.ro\/\"},{\"@type\":\"ListItem\",\"position\":2,\"name\":\"Servicii medicale oferite\"}]},{\"@type\":\"WebSite\",\"@id\":\"https:\/\/cabinetdrboanca.ro\/#website\",\"url\":\"https:\/\/cabinetdrboanca.ro\/\",\"name\":\"Cabinet Dr. Boanc\u0103\",\"description\":\"\",\"potentialAction\":[{\"@type\":\"SearchAction\",\"target\":{\"@type\":\"EntryPoint\",\"urlTemplate\":\"https:\/\/cabinetdrboanca.ro\/?s={search_term_string}\"},\"query-input\":\"required name=search_term_string\"}],\"inLanguage\":\"en-US\"}]}<\/script>\n<!-- \/ Yoast SEO plugin. -->","yoast_head_json":{"title":"Servicii medicale oferite - Cabinet Dr. Boanc\u0103","robots":{"index":"index","follow":"follow","max-snippet":"max-snippet:-1","max-image-preview":"max-image-preview:large","max-video-preview":"max-video-preview:-1"},"canonical":"https:\/\/cabinetdrboanca.ro\/index.php\/servicii-medicale-oferite\/","og_locale":"en_US","og_type":"article","og_title":"Servicii medicale oferite - Cabinet Dr. Boanc\u0103","og_url":"https:\/\/cabinetdrboanca.ro\/index.php\/servicii-medicale-oferite\/","og_site_name":"Cabinet Dr. Boanc\u0103","article_modified_time":"2024-08-15T09:03:39+00:00","twitter_card":"summary_large_image","twitter_misc":{"Est. reading time":"1 minute"},"schema":{"@context":"https:\/\/schema.org","@graph":[{"@type":"WebPage","@id":"https:\/\/cabinetdrboanca.ro\/index.php\/servicii-medicale-oferite\/","url":"https:\/\/cabinetdrboanca.ro\/index.php\/servicii-medicale-oferite\/","name":"Servicii medicale oferite - Cabinet Dr. Boanc\u0103","isPartOf":{"@id":"https:\/\/cabinetdrboanca.ro\/#website"},"datePublished":"2024-08-15T09:03:38+00:00","dateModified":"2024-08-15T09:03:39+00:00","breadcrumb":{"@id":"https:\/\/cabinetdrboanca.ro\/index.php\/servicii-medicale-oferite\/#breadcrumb"},"inLanguage":"en-US","potentialAction":[{"@type":"ReadAction","target":["https:\/\/cabinetdrboanca.ro\/index.php\/servicii-medicale-oferite\/"]}]},{"@type":"BreadcrumbList","@id":"https:\/\/cabinetdrboanca.ro\/index.php\/servicii-medicale-oferite\/#breadcrumb","itemListElement":[{"@type":"ListItem","position":1,"name":"Home","item":"https:\/\/cabinetdrboanca.ro\/"},{"@type":"ListItem","position":2,"name":"Servicii medicale oferite"}]},{"@type":"WebSite","@id":"https:\/\/cabinetdrboanca.ro\/#website","url":"https:\/\/cabinetdrboanca.ro\/","name":"Cabinet Dr. Boanc\u0103","description":"","potentialAction":[{"@type":"SearchAction","target":{"@type":"EntryPoint","urlTemplate":"https:\/\/cabinetdrboanca.ro\/?s={search_term_string}"},"query-input":"required name=search_term_string"}],"inLanguage":"en-US"}]}},"_links":{"self":[{"href":"https:\/\/cabinetdrboanca.ro\/index.php\/wp-json\/wp\/v2\/pages\/30","targetHints":{"allow":["GET"]}}],"collection":[{"href":"https:\/\/cabinetdrboanca.ro\/index.php\/wp-json\/wp\/v2\/pages"}],"about":[{"href":"https:\/\/cabinetdrboanca.ro\/index.php\/wp-json\/wp\/v2\/types\/page"}],"author":[{"embeddable":true,"href":"https:\/\/cabinetdrboanca.ro\/index.php\/wp-json\/wp\/v2\/users\/1"}],"replies":[{"embeddable":true,"href":"https:\/\/cabinetdrboanca.ro\/index.php\/wp-json\/wp\/v2\/comments?post=30"}],"version-history":[{"count":1,"href":"https:\/\/cabinetdrboanca.ro\/index.php\/wp-json\/wp\/v2\/pages\/30\/revisions"}],"predecessor-version":[{"id":31,"href":"https:\/\/cabinetdrboanca.ro\/index.php\/wp-json\/wp\/v2\/pages\/30\/revisions\/31"}],"wp:attachment":[{"href":"https:\/\/cabinetdrboanca.ro\/index.php\/wp-json\/wp\/v2\/media?parent=30"}],"curies":[{"name":"wp","href":"https:\/\/api.w.org\/{rel}","templated":true}]}}