{"id":35,"date":"2024-08-15T09:13:08","date_gmt":"2024-08-15T09:13:08","guid":{"rendered":"https:\/\/cabinetdrboanca.ro\/?page_id=35"},"modified":"2024-09-08T17:17:13","modified_gmt":"2024-09-08T17:17:13","slug":"despre-noi","status":"publish","type":"page","link":"https:\/\/cabinetdrboanca.ro\/index.php\/despre-noi\/","title":{"rendered":"Despre noi"},"content":{"rendered":"\n<div class=\"wp-block-columns is-layout-flex wp-container-core-columns-is-layout-9d6595d7 wp-block-columns-is-layout-flex\">\n<div class=\"wp-block-column is-layout-flow wp-block-column-is-layout-flow\" style=\"flex-basis:66.66%\">\n<h3 class=\"wp-block-heading\">Dr. Karina Alice BOANC\u0102<\/h3>\n\n\n\n<p>Absolvent\u0103 a Facult\u0103\u021bii de Medicin\u0103 General\u0103 din cadrul Universit\u0103\u021bii Transilvania din Bra\u0219ov \u0219i cu o experien\u021b\u0103 de peste 15 ani \u00een medicina de familie.<\/p>\n\n\n\n<p>De-a lungul carierei, a acumulat o vast\u0103 experien\u021b\u0103 \u00een lucrul cu pacien\u021bi din diverse medii \u0219i cu nevoi medicale variate, dezvolt\u00e2nd competen\u021be esen\u021biale pentru a oferi \u00eengrijiri medicale de \u00eenalt\u0103 calitate si a asigura un tratament cuprinz\u0103tor \u0219i coordonat pacien\u021bilor.<\/p>\n\n\n\n<h3 class=\"wp-block-heading\">Asistent Medical Generalist<strong> <\/strong>Monica CORNI\u021a\u0102 <strong>(grad principal) <\/strong><\/h3>\n<\/div>\n\n\n\n<div class=\"wp-block-column is-layout-flow wp-block-column-is-layout-flow\" style=\"flex-basis:33.33%\"><\/div>\n<\/div>\n","protected":false},"excerpt":{"rendered":"<p>Dr. Karina Alice BOANC\u0102 Absolvent\u0103 a Facult\u0103\u021bii de Medicin\u0103 General\u0103 din cadrul Universit\u0103\u021bii Transilvania din Bra\u0219ov \u0219i cu o experien\u021b\u0103 de peste 15 ani \u00een medicina de familie. De-a lungul carierei, a acumulat o vast\u0103 experien\u021b\u0103 \u00een lucrul cu pacien\u021bi din diverse medii \u0219i cu nevoi medicale variate, dezvolt\u00e2nd competen\u021be esen\u021biale pentru a oferi \u00eengrijiri [&hellip;]<\/p>\n","protected":false},"author":1,"featured_media":0,"parent":0,"menu_order":0,"comment_status":"closed","ping_status":"closed","template":"","meta":{"footnotes":""},"class_list":["post-35","page","type-page","status-publish","hentry"],"yoast_head":"<!-- This site is optimized with the Yoast SEO plugin v23.2 - https:\/\/yoast.com\/wordpress\/plugins\/seo\/ -->\n<title>Despre noi - Cabinet Dr. Boanc\u0103<\/title>\n<meta name=\"robots\" content=\"index, follow, max-snippet:-1, max-image-preview:large, max-video-preview:-1\" \/>\n<link rel=\"canonical\" href=\"https:\/\/cabinetdrboanca.ro\/index.php\/despre-noi\/\" \/>\n<meta property=\"og:locale\" content=\"en_US\" \/>\n<meta property=\"og:type\" content=\"article\" \/>\n<meta property=\"og:title\" content=\"Despre noi - Cabinet Dr. Boanc\u0103\" \/>\n<meta property=\"og:description\" content=\"Dr. Karina Alice BOANC\u0102 Absolvent\u0103 a Facult\u0103\u021bii de Medicin\u0103 General\u0103 din cadrul Universit\u0103\u021bii Transilvania din Bra\u0219ov \u0219i cu o experien\u021b\u0103 de peste 15 ani \u00een medicina de familie. De-a lungul carierei, a acumulat o vast\u0103 experien\u021b\u0103 \u00een lucrul cu pacien\u021bi din diverse medii \u0219i cu nevoi medicale variate, dezvolt\u00e2nd competen\u021be esen\u021biale pentru a oferi \u00eengrijiri [&hellip;]\" \/>\n<meta property=\"og:url\" content=\"https:\/\/cabinetdrboanca.ro\/index.php\/despre-noi\/\" \/>\n<meta property=\"og:site_name\" content=\"Cabinet Dr. Boanc\u0103\" \/>\n<meta property=\"article:modified_time\" content=\"2024-09-08T17:17:13+00:00\" \/>\n<meta name=\"twitter:card\" content=\"summary_large_image\" \/>\n<meta name=\"twitter:label1\" content=\"Est. reading time\" \/>\n\t<meta name=\"twitter:data1\" content=\"1 minute\" \/>\n<script type=\"application\/ld+json\" class=\"yoast-schema-graph\">{\"@context\":\"https:\/\/schema.org\",\"@graph\":[{\"@type\":\"WebPage\",\"@id\":\"https:\/\/cabinetdrboanca.ro\/index.php\/despre-noi\/\",\"url\":\"https:\/\/cabinetdrboanca.ro\/index.php\/despre-noi\/\",\"name\":\"Despre noi - Cabinet Dr. Boanc\u0103\",\"isPartOf\":{\"@id\":\"https:\/\/cabinetdrboanca.ro\/#website\"},\"datePublished\":\"2024-08-15T09:13:08+00:00\",\"dateModified\":\"2024-09-08T17:17:13+00:00\",\"breadcrumb\":{\"@id\":\"https:\/\/cabinetdrboanca.ro\/index.php\/despre-noi\/#breadcrumb\"},\"inLanguage\":\"en-US\",\"potentialAction\":[{\"@type\":\"ReadAction\",\"target\":[\"https:\/\/cabinetdrboanca.ro\/index.php\/despre-noi\/\"]}]},{\"@type\":\"BreadcrumbList\",\"@id\":\"https:\/\/cabinetdrboanca.ro\/index.php\/despre-noi\/#breadcrumb\",\"itemListElement\":[{\"@type\":\"ListItem\",\"position\":1,\"name\":\"Home\",\"item\":\"https:\/\/cabinetdrboanca.ro\/\"},{\"@type\":\"ListItem\",\"position\":2,\"name\":\"Despre noi\"}]},{\"@type\":\"WebSite\",\"@id\":\"https:\/\/cabinetdrboanca.ro\/#website\",\"url\":\"https:\/\/cabinetdrboanca.ro\/\",\"name\":\"Cabinet Dr. Boanc\u0103\",\"description\":\"\",\"potentialAction\":[{\"@type\":\"SearchAction\",\"target\":{\"@type\":\"EntryPoint\",\"urlTemplate\":\"https:\/\/cabinetdrboanca.ro\/?s={search_term_string}\"},\"query-input\":\"required name=search_term_string\"}],\"inLanguage\":\"en-US\"}]}<\/script>\n<!-- \/ Yoast SEO plugin. -->","yoast_head_json":{"title":"Despre noi - Cabinet Dr. Boanc\u0103","robots":{"index":"index","follow":"follow","max-snippet":"max-snippet:-1","max-image-preview":"max-image-preview:large","max-video-preview":"max-video-preview:-1"},"canonical":"https:\/\/cabinetdrboanca.ro\/index.php\/despre-noi\/","og_locale":"en_US","og_type":"article","og_title":"Despre noi - Cabinet Dr. Boanc\u0103","og_description":"Dr. Karina Alice BOANC\u0102 Absolvent\u0103 a Facult\u0103\u021bii de Medicin\u0103 General\u0103 din cadrul Universit\u0103\u021bii Transilvania din Bra\u0219ov \u0219i cu o experien\u021b\u0103 de peste 15 ani \u00een medicina de familie. De-a lungul carierei, a acumulat o vast\u0103 experien\u021b\u0103 \u00een lucrul cu pacien\u021bi din diverse medii \u0219i cu nevoi medicale variate, dezvolt\u00e2nd competen\u021be esen\u021biale pentru a oferi \u00eengrijiri [&hellip;]","og_url":"https:\/\/cabinetdrboanca.ro\/index.php\/despre-noi\/","og_site_name":"Cabinet Dr. Boanc\u0103","article_modified_time":"2024-09-08T17:17:13+00:00","twitter_card":"summary_large_image","twitter_misc":{"Est. reading time":"1 minute"},"schema":{"@context":"https:\/\/schema.org","@graph":[{"@type":"WebPage","@id":"https:\/\/cabinetdrboanca.ro\/index.php\/despre-noi\/","url":"https:\/\/cabinetdrboanca.ro\/index.php\/despre-noi\/","name":"Despre noi - Cabinet Dr. Boanc\u0103","isPartOf":{"@id":"https:\/\/cabinetdrboanca.ro\/#website"},"datePublished":"2024-08-15T09:13:08+00:00","dateModified":"2024-09-08T17:17:13+00:00","breadcrumb":{"@id":"https:\/\/cabinetdrboanca.ro\/index.php\/despre-noi\/#breadcrumb"},"inLanguage":"en-US","potentialAction":[{"@type":"ReadAction","target":["https:\/\/cabinetdrboanca.ro\/index.php\/despre-noi\/"]}]},{"@type":"BreadcrumbList","@id":"https:\/\/cabinetdrboanca.ro\/index.php\/despre-noi\/#breadcrumb","itemListElement":[{"@type":"ListItem","position":1,"name":"Home","item":"https:\/\/cabinetdrboanca.ro\/"},{"@type":"ListItem","position":2,"name":"Despre noi"}]},{"@type":"WebSite","@id":"https:\/\/cabinetdrboanca.ro\/#website","url":"https:\/\/cabinetdrboanca.ro\/","name":"Cabinet Dr. Boanc\u0103","description":"","potentialAction":[{"@type":"SearchAction","target":{"@type":"EntryPoint","urlTemplate":"https:\/\/cabinetdrboanca.ro\/?s={search_term_string}"},"query-input":"required name=search_term_string"}],"inLanguage":"en-US"}]}},"_links":{"self":[{"href":"https:\/\/cabinetdrboanca.ro\/index.php\/wp-json\/wp\/v2\/pages\/35","targetHints":{"allow":["GET"]}}],"collection":[{"href":"https:\/\/cabinetdrboanca.ro\/index.php\/wp-json\/wp\/v2\/pages"}],"about":[{"href":"https:\/\/cabinetdrboanca.ro\/index.php\/wp-json\/wp\/v2\/types\/page"}],"author":[{"embeddable":true,"href":"https:\/\/cabinetdrboanca.ro\/index.php\/wp-json\/wp\/v2\/users\/1"}],"replies":[{"embeddable":true,"href":"https:\/\/cabinetdrboanca.ro\/index.php\/wp-json\/wp\/v2\/comments?post=35"}],"version-history":[{"count":1,"href":"https:\/\/cabinetdrboanca.ro\/index.php\/wp-json\/wp\/v2\/pages\/35\/revisions"}],"predecessor-version":[{"id":36,"href":"https:\/\/cabinetdrboanca.ro\/index.php\/wp-json\/wp\/v2\/pages\/35\/revisions\/36"}],"wp:attachment":[{"href":"https:\/\/cabinetdrboanca.ro\/index.php\/wp-json\/wp\/v2\/media?parent=35"}],"curies":[{"name":"wp","href":"https:\/\/api.w.org\/{rel}","templated":true}]}}