{"id":37,"date":"2024-08-15T09:20:37","date_gmt":"2024-08-15T09:20:37","guid":{"rendered":"https:\/\/cabinetdrboanca.ro\/?page_id=37"},"modified":"2024-09-08T19:12:54","modified_gmt":"2024-09-08T19:12:54","slug":"bine-ai-venit","status":"publish","type":"page","link":"https:\/\/cabinetdrboanca.ro\/","title":{"rendered":"Bine ai venit!"},"content":{"rendered":"\n<p>Pentru noi MEDIC DE FAMILIE \u00eenseamn\u0103&nbsp;<strong>a avea grij\u0103<\/strong>,&nbsp;<strong>a supraveghea<\/strong>&nbsp;\u0219i&nbsp;<strong>a trata \u00eentreaga familie<\/strong>&nbsp;(inclusiv copiii).<\/p>\n\n\n\n<p>\u00cen cazul \u00een care sunte\u021bi deja \u00eenregistrat la cabinetul nostru, v\u0103 invit\u0103m s\u0103 urm\u0103ri\u021bi site-ul nostru unde vom publica informa\u021bii cu privire la programul de lucru, program\u0103ri, programul na\u021bional de vaccinare, etc.<\/p>\n\n\n\n<p>\u00cen cazul \u00een care nu sunte\u021bi \u00eenregistrat la un medic de familie sau v-a\u021bi schimbat recent domiciliul, v\u0103 a\u0219tept\u0103m s\u0103 v\u0103 \u00eenscrie\u021bi la cabinetul nostru din&nbsp;<strong>comuna S\u00e2npetru, jude\u021bul Bra\u0219ov, strada Republicii nr. 650<\/strong>.<\/p>\n\n\n\n<p><strong>Acte necesare pentru \u00eenscriere:<\/strong>&nbsp;Act de identitate ( CI sau certificat de na\u0219tere pentru copii), card de s\u0103n\u0103tate.<\/p>\n","protected":false},"excerpt":{"rendered":"<p>Pentru noi MEDIC DE FAMILIE \u00eenseamn\u0103&nbsp;a avea grij\u0103,&nbsp;a supraveghea&nbsp;\u0219i&nbsp;a trata \u00eentreaga familie&nbsp;(inclusiv copiii). \u00cen cazul \u00een care sunte\u021bi deja \u00eenregistrat la cabinetul nostru, v\u0103 invit\u0103m s\u0103 urm\u0103ri\u021bi site-ul nostru unde vom publica informa\u021bii cu privire la programul de lucru, program\u0103ri, programul na\u021bional de vaccinare, etc. \u00cen cazul \u00een care nu sunte\u021bi \u00eenregistrat la un medic [&hellip;]<\/p>\n","protected":false},"author":1,"featured_media":0,"parent":0,"menu_order":0,"comment_status":"closed","ping_status":"closed","template":"","meta":{"footnotes":""},"class_list":["post-37","page","type-page","status-publish","hentry"],"yoast_head":"<!-- This site is optimized with the Yoast SEO plugin v23.2 - https:\/\/yoast.com\/wordpress\/plugins\/seo\/ -->\n<title>Bine ai venit! - Cabinet Dr. Boanc\u0103<\/title>\n<meta name=\"robots\" content=\"index, follow, max-snippet:-1, max-image-preview:large, max-video-preview:-1\" \/>\n<link rel=\"canonical\" href=\"https:\/\/cabinetdrboanca.ro\/\" \/>\n<meta property=\"og:locale\" content=\"en_US\" \/>\n<meta property=\"og:type\" content=\"article\" \/>\n<meta property=\"og:title\" content=\"Bine ai venit! - Cabinet Dr. Boanc\u0103\" \/>\n<meta property=\"og:description\" content=\"Pentru noi MEDIC DE FAMILIE \u00eenseamn\u0103&nbsp;a avea grij\u0103,&nbsp;a supraveghea&nbsp;\u0219i&nbsp;a trata \u00eentreaga familie&nbsp;(inclusiv copiii). \u00cen cazul \u00een care sunte\u021bi deja \u00eenregistrat la cabinetul nostru, v\u0103 invit\u0103m s\u0103 urm\u0103ri\u021bi site-ul nostru unde vom publica informa\u021bii cu privire la programul de lucru, program\u0103ri, programul na\u021bional de vaccinare, etc. \u00cen cazul \u00een care nu sunte\u021bi \u00eenregistrat la un medic [&hellip;]\" \/>\n<meta property=\"og:url\" content=\"https:\/\/cabinetdrboanca.ro\/\" \/>\n<meta property=\"og:site_name\" content=\"Cabinet Dr. Boanc\u0103\" \/>\n<meta property=\"article:modified_time\" content=\"2024-09-08T19:12:54+00:00\" \/>\n<meta name=\"twitter:card\" content=\"summary_large_image\" \/>\n<meta name=\"twitter:label1\" content=\"Est. reading time\" \/>\n\t<meta name=\"twitter:data1\" content=\"1 minute\" \/>\n<script type=\"application\/ld+json\" class=\"yoast-schema-graph\">{\"@context\":\"https:\/\/schema.org\",\"@graph\":[{\"@type\":\"WebPage\",\"@id\":\"https:\/\/cabinetdrboanca.ro\/\",\"url\":\"https:\/\/cabinetdrboanca.ro\/\",\"name\":\"Bine ai venit! - Cabinet Dr. Boanc\u0103\",\"isPartOf\":{\"@id\":\"https:\/\/cabinetdrboanca.ro\/#website\"},\"datePublished\":\"2024-08-15T09:20:37+00:00\",\"dateModified\":\"2024-09-08T19:12:54+00:00\",\"breadcrumb\":{\"@id\":\"https:\/\/cabinetdrboanca.ro\/#breadcrumb\"},\"inLanguage\":\"en-US\",\"potentialAction\":[{\"@type\":\"ReadAction\",\"target\":[\"https:\/\/cabinetdrboanca.ro\/\"]}]},{\"@type\":\"BreadcrumbList\",\"@id\":\"https:\/\/cabinetdrboanca.ro\/#breadcrumb\",\"itemListElement\":[{\"@type\":\"ListItem\",\"position\":1,\"name\":\"Home\",\"item\":\"https:\/\/cabinetdrboanca.ro\/\"},{\"@type\":\"ListItem\",\"position\":2,\"name\":\"Bine ai venit!\"}]},{\"@type\":\"WebSite\",\"@id\":\"https:\/\/cabinetdrboanca.ro\/#website\",\"url\":\"https:\/\/cabinetdrboanca.ro\/\",\"name\":\"Cabinet Dr. Boanc\u0103\",\"description\":\"\",\"potentialAction\":[{\"@type\":\"SearchAction\",\"target\":{\"@type\":\"EntryPoint\",\"urlTemplate\":\"https:\/\/cabinetdrboanca.ro\/?s={search_term_string}\"},\"query-input\":\"required name=search_term_string\"}],\"inLanguage\":\"en-US\"}]}<\/script>\n<!-- \/ Yoast SEO plugin. -->","yoast_head_json":{"title":"Bine ai venit! - Cabinet Dr. Boanc\u0103","robots":{"index":"index","follow":"follow","max-snippet":"max-snippet:-1","max-image-preview":"max-image-preview:large","max-video-preview":"max-video-preview:-1"},"canonical":"https:\/\/cabinetdrboanca.ro\/","og_locale":"en_US","og_type":"article","og_title":"Bine ai venit! - Cabinet Dr. Boanc\u0103","og_description":"Pentru noi MEDIC DE FAMILIE \u00eenseamn\u0103&nbsp;a avea grij\u0103,&nbsp;a supraveghea&nbsp;\u0219i&nbsp;a trata \u00eentreaga familie&nbsp;(inclusiv copiii). \u00cen cazul \u00een care sunte\u021bi deja \u00eenregistrat la cabinetul nostru, v\u0103 invit\u0103m s\u0103 urm\u0103ri\u021bi site-ul nostru unde vom publica informa\u021bii cu privire la programul de lucru, program\u0103ri, programul na\u021bional de vaccinare, etc. \u00cen cazul \u00een care nu sunte\u021bi \u00eenregistrat la un medic [&hellip;]","og_url":"https:\/\/cabinetdrboanca.ro\/","og_site_name":"Cabinet Dr. Boanc\u0103","article_modified_time":"2024-09-08T19:12:54+00:00","twitter_card":"summary_large_image","twitter_misc":{"Est. reading time":"1 minute"},"schema":{"@context":"https:\/\/schema.org","@graph":[{"@type":"WebPage","@id":"https:\/\/cabinetdrboanca.ro\/","url":"https:\/\/cabinetdrboanca.ro\/","name":"Bine ai venit! - Cabinet Dr. Boanc\u0103","isPartOf":{"@id":"https:\/\/cabinetdrboanca.ro\/#website"},"datePublished":"2024-08-15T09:20:37+00:00","dateModified":"2024-09-08T19:12:54+00:00","breadcrumb":{"@id":"https:\/\/cabinetdrboanca.ro\/#breadcrumb"},"inLanguage":"en-US","potentialAction":[{"@type":"ReadAction","target":["https:\/\/cabinetdrboanca.ro\/"]}]},{"@type":"BreadcrumbList","@id":"https:\/\/cabinetdrboanca.ro\/#breadcrumb","itemListElement":[{"@type":"ListItem","position":1,"name":"Home","item":"https:\/\/cabinetdrboanca.ro\/"},{"@type":"ListItem","position":2,"name":"Bine ai venit!"}]},{"@type":"WebSite","@id":"https:\/\/cabinetdrboanca.ro\/#website","url":"https:\/\/cabinetdrboanca.ro\/","name":"Cabinet Dr. Boanc\u0103","description":"","potentialAction":[{"@type":"SearchAction","target":{"@type":"EntryPoint","urlTemplate":"https:\/\/cabinetdrboanca.ro\/?s={search_term_string}"},"query-input":"required name=search_term_string"}],"inLanguage":"en-US"}]}},"_links":{"self":[{"href":"https:\/\/cabinetdrboanca.ro\/index.php\/wp-json\/wp\/v2\/pages\/37","targetHints":{"allow":["GET"]}}],"collection":[{"href":"https:\/\/cabinetdrboanca.ro\/index.php\/wp-json\/wp\/v2\/pages"}],"about":[{"href":"https:\/\/cabinetdrboanca.ro\/index.php\/wp-json\/wp\/v2\/types\/page"}],"author":[{"embeddable":true,"href":"https:\/\/cabinetdrboanca.ro\/index.php\/wp-json\/wp\/v2\/users\/1"}],"replies":[{"embeddable":true,"href":"https:\/\/cabinetdrboanca.ro\/index.php\/wp-json\/wp\/v2\/comments?post=37"}],"version-history":[{"count":3,"href":"https:\/\/cabinetdrboanca.ro\/index.php\/wp-json\/wp\/v2\/pages\/37\/revisions"}],"predecessor-version":[{"id":105,"href":"https:\/\/cabinetdrboanca.ro\/index.php\/wp-json\/wp\/v2\/pages\/37\/revisions\/105"}],"wp:attachment":[{"href":"https:\/\/cabinetdrboanca.ro\/index.php\/wp-json\/wp\/v2\/media?parent=37"}],"curies":[{"name":"wp","href":"https:\/\/api.w.org\/{rel}","templated":true}]}}